{"id":1129,"date":"2016-09-28T08:08:19","date_gmt":"2016-09-28T08:08:19","guid":{"rendered":"https:\/\/www.fitnoteq.com\/blog\/?page_id=1129"},"modified":"2018-03-05T21:09:30","modified_gmt":"2018-03-05T21:09:30","slug":"all-2","status":"publish","type":"page","link":"https:\/\/www.fitnoteq.com\/blog\/all-2\/","title":{"rendered":"Najlepsze przepisy na zdrowie"},"content":{"rendered":"<p>Poznaj najlepsze przepisy na zdrowie<\/p>\n","protected":false},"excerpt":{"rendered":"<p>Poznaj najlepsze przepisy na zdrowie<\/p>\n","protected":false},"author":1,"featured_media":0,"parent":0,"menu_order":0,"comment_status":"closed","ping_status":"closed","template":"page-allposts.php","meta":[],"yoast_head":"<!-- This site is optimized with the Yoast SEO Premium plugin v15.7 - https:\/\/yoast.com\/wordpress\/plugins\/seo\/ -->\n<meta name=\"description\" content=\"Najlepsze przepisy na zdrowie, zdrowe przek\u0105ski, zdrowe i szybkie przepisy na potrawy , kt\u00f3re pomog\u0105 Ci czu\u0107 si\u0119 zdrowiej i uprawia\u0107 fitness.\" \/>\n<meta name=\"robots\" content=\"index, follow, max-snippet:-1, max-image-preview:large, max-video-preview:-1\" \/>\n<link rel=\"canonical\" href=\"https:\/\/www.fitnoteq.com\/blog\/all-2\/\" \/>\n<meta property=\"og:locale\" content=\"pl_PL\" \/>\n<meta property=\"og:type\" content=\"article\" \/>\n<meta property=\"og:title\" content=\"Najlepsze przepisy na zdrowie - Przepisy na zdrowie\" \/>\n<meta property=\"og:description\" content=\"Najlepsze przepisy na zdrowie, zdrowe przek\u0105ski, zdrowe i szybkie przepisy na potrawy , kt\u00f3re pomog\u0105 Ci czu\u0107 si\u0119 zdrowiej i uprawia\u0107 fitness.\" \/>\n<meta property=\"og:url\" content=\"https:\/\/www.fitnoteq.com\/blog\/all-2\/\" \/>\n<meta property=\"og:site_name\" content=\"Przepisy na zdrowie\" \/>\n<meta property=\"article:publisher\" content=\"http:\/\/facebook.com\/fitnoteq\" \/>\n<meta property=\"article:modified_time\" content=\"2018-03-05T21:09:30+00:00\" \/>\n<meta name=\"twitter:card\" content=\"summary\" \/>\n<meta name=\"twitter:site\" content=\"@fitnoteq\" \/>\n<script type=\"application\/ld+json\" class=\"yoast-schema-graph\">{\"@context\":\"https:\/\/schema.org\",\"@graph\":[{\"@type\":\"Organization\",\"@id\":\"https:\/\/www.fitnoteq.com\/blog\/#organization\",\"name\":\"Fitnoteq\",\"url\":\"https:\/\/www.fitnoteq.com\/blog\/\",\"sameAs\":[\"http:\/\/facebook.com\/fitnoteq\",\"https:\/\/www.instagram.com\/fitnoteq\",\"https:\/\/twitter.com\/fitnoteq\"],\"logo\":{\"@type\":\"ImageObject\",\"@id\":\"https:\/\/www.fitnoteq.com\/blog\/#logo\",\"inLanguage\":\"pl-PL\",\"url\":\"https:\/\/www.fitnoteq.com\/blog\/wp-content\/uploads\/2015\/07\/cropped-fitnoteq_logo_1000.png\",\"width\":512,\"height\":512,\"caption\":\"Fitnoteq\"},\"image\":{\"@id\":\"https:\/\/www.fitnoteq.com\/blog\/#logo\"}},{\"@type\":\"WebSite\",\"@id\":\"https:\/\/www.fitnoteq.com\/blog\/#website\",\"url\":\"https:\/\/www.fitnoteq.com\/blog\/\",\"name\":\"Przepisy na zdrowie\",\"description\":\"Blog fitness w domu z Fitnoteq\",\"publisher\":{\"@id\":\"https:\/\/www.fitnoteq.com\/blog\/#organization\"},\"potentialAction\":[{\"@type\":\"SearchAction\",\"target\":\"https:\/\/www.fitnoteq.com\/blog\/?s={search_term_string}\",\"query-input\":\"required name=search_term_string\"}],\"inLanguage\":\"pl-PL\"},{\"@type\":\"WebPage\",\"@id\":\"https:\/\/www.fitnoteq.com\/blog\/all-2\/#webpage\",\"url\":\"https:\/\/www.fitnoteq.com\/blog\/all-2\/\",\"name\":\"Najlepsze przepisy na zdrowie - Przepisy na zdrowie\",\"isPartOf\":{\"@id\":\"https:\/\/www.fitnoteq.com\/blog\/#website\"},\"datePublished\":\"2016-09-28T08:08:19+00:00\",\"dateModified\":\"2018-03-05T21:09:30+00:00\",\"description\":\"Najlepsze przepisy na zdrowie, zdrowe przek\\u0105ski, zdrowe i szybkie przepisy na potrawy , kt\\u00f3re pomog\\u0105 Ci czu\\u0107 si\\u0119 zdrowiej i uprawia\\u0107 fitness.\",\"inLanguage\":\"pl-PL\",\"potentialAction\":[{\"@type\":\"ReadAction\",\"target\":[\"https:\/\/www.fitnoteq.com\/blog\/all-2\/\"]}]}]}<\/script>\n<!-- \/ Yoast SEO Premium plugin. -->","_links":{"self":[{"href":"https:\/\/www.fitnoteq.com\/blog\/wp-json\/wp\/v2\/pages\/1129"}],"collection":[{"href":"https:\/\/www.fitnoteq.com\/blog\/wp-json\/wp\/v2\/pages"}],"about":[{"href":"https:\/\/www.fitnoteq.com\/blog\/wp-json\/wp\/v2\/types\/page"}],"author":[{"embeddable":true,"href":"https:\/\/www.fitnoteq.com\/blog\/wp-json\/wp\/v2\/users\/1"}],"replies":[{"embeddable":true,"href":"https:\/\/www.fitnoteq.com\/blog\/wp-json\/wp\/v2\/comments?post=1129"}],"version-history":[{"count":2,"href":"https:\/\/www.fitnoteq.com\/blog\/wp-json\/wp\/v2\/pages\/1129\/revisions"}],"predecessor-version":[{"id":2723,"href":"https:\/\/www.fitnoteq.com\/blog\/wp-json\/wp\/v2\/pages\/1129\/revisions\/2723"}],"wp:attachment":[{"href":"https:\/\/www.fitnoteq.com\/blog\/wp-json\/wp\/v2\/media?parent=1129"}],"curies":[{"name":"wp","href":"https:\/\/api.w.org\/{rel}","templated":true}]}}