{"id":156,"date":"2015-12-17T07:59:13","date_gmt":"2015-12-17T07:59:13","guid":{"rendered":"https:\/\/www.fitnoteq.com\/blog\/?page_id=156"},"modified":"2016-09-15T17:38:19","modified_gmt":"2016-09-15T17:38:19","slug":"zamow-karte-podarunkowa","status":"publish","type":"page","link":"https:\/\/www.fitnoteq.com\/blog\/zamow-karte-podarunkowa\/","title":{"rendered":"Zam\u00f3w kart\u0119 podarunkow\u0105"},"content":{"rendered":"<p>Zr\u00f3b aktywny prezent swoim przyjacio\u0142om lub rodzinie wykup kart\u0119 podarunkow\u0105 Fitnoteq na 3, 6 lub 12 miesiecy.<br \/>\nZadbaj o ich zdrowie i zach\u0119ci do aktywnego trybu \u017cycia.<\/p>\n<p>Regulamin kart podarunkowych mo\u017cna przeczyta\u0107 <a href=\"https:\/\/www.fitnoteq.com\/blog\/regulamin-kart-podarunkowych-fitnoteq\/\">tutaj<\/a><\/p>\n<p><div role=\"form\" class=\"wpcf7\" id=\"wpcf7-f154-o1\" lang=\"pl-PL\" dir=\"ltr\">\n<div class=\"screen-reader-response\"><p role=\"status\" aria-live=\"polite\" aria-atomic=\"true\"><\/p> <ul><\/ul><\/div>\n<form action=\"\/blog\/wp-json\/wp\/v2\/pages\/156#wpcf7-f154-o1\" method=\"post\" class=\"wpcf7-form init\" novalidate=\"novalidate\" data-status=\"init\">\n<div style=\"display: none;\">\n<input type=\"hidden\" name=\"_wpcf7\" value=\"154\" \/>\n<input type=\"hidden\" name=\"_wpcf7_version\" value=\"5.3.2\" \/>\n<input type=\"hidden\" name=\"_wpcf7_locale\" value=\"pl_PL\" \/>\n<input type=\"hidden\" name=\"_wpcf7_unit_tag\" value=\"wpcf7-f154-o1\" \/>\n<input type=\"hidden\" name=\"_wpcf7_container_post\" value=\"0\" \/>\n<input type=\"hidden\" name=\"_wpcf7_posted_data_hash\" value=\"\" \/>\n<\/div>\n<h2>Zam\u00f3w kart\u0119 podarunkow\u0105<br>Dane kontaktowe zamawiaj\u0105cego:<\/h2>\n<p>Imi\u0119 i nazwisko (wymagane)<br \/>\n    <span class=\"wpcf7-form-control-wrap your-name\"><input type=\"text\" name=\"your-name\" value=\"\" size=\"40\" class=\"wpcf7-form-control wpcf7-text wpcf7-validates-as-required\" aria-required=\"true\" aria-invalid=\"false\" \/><\/span> <\/p>\n<p>Adres email (wymagane)<br \/>\n    <span class=\"wpcf7-form-control-wrap your-email\"><input type=\"email\" name=\"your-email\" value=\"\" size=\"40\" class=\"wpcf7-form-control wpcf7-text wpcf7-email wpcf7-validates-as-required wpcf7-validates-as-email\" aria-required=\"true\" aria-invalid=\"false\" \/><\/span> <\/p>\n<p>Telefon kom\u00f3rkowy (wymagane)<br \/>\n    <span class=\"wpcf7-form-control-wrap twoj-telefon-komorkowy\"><input type=\"tel\" name=\"twoj-telefon-komorkowy\" value=\"\" size=\"40\" class=\"wpcf7-form-control wpcf7-text wpcf7-tel wpcf7-validates-as-required wpcf7-validates-as-tel\" aria-required=\"true\" aria-invalid=\"false\" \/><\/span> <\/p>\n<h2>Zamawiam kart\u0119 podarunkow\u0105 Fitnoteq Premium+ z abonamentem na :<\/h2>\n<p><span class=\"wpcf7-form-control-wrap zamowienie-produkt\"><span class=\"wpcf7-form-control wpcf7-radio\"><span class=\"wpcf7-list-item first\"><input type=\"radio\" name=\"zamowienie-produkt\" value=\"3 miesi\u0105ce w cenie 59,99 pln brutto\" \/><span class=\"wpcf7-list-item-label\">3 miesi\u0105ce w cenie 59,99 pln brutto<\/span><\/span><span class=\"wpcf7-list-item\"><input type=\"radio\" name=\"zamowienie-produkt\" value=\"6 miesi\u0119cy w cenie 121,99 pln brutto\" \/><span class=\"wpcf7-list-item-label\">6 miesi\u0119cy w cenie 121,99 pln brutto<\/span><\/span><span class=\"wpcf7-list-item last\"><input type=\"radio\" name=\"zamowienie-produkt\" value=\"12 miesi\u0119cy w cenie 179,99 pln brutto\" \/><span class=\"wpcf7-list-item-label\">12 miesi\u0119cy w cenie 179,99 pln brutto<\/span><\/span><\/span><\/span><\/p>\n<h2>Zamawiam kart\u0119 podarunkow\u0105 w wersji :<\/h2>\n<p><span class=\"wpcf7-form-control-wrap zamowienie-typ\"><span class=\"wpcf7-form-control wpcf7-radio\"><span class=\"wpcf7-list-item first\"><input type=\"radio\" name=\"zamowienie-typ\" value=\"elektronicznej - kod aktywacyjny wysy\u0142amy poczt\u0105 email\" \/><span class=\"wpcf7-list-item-label\">elektronicznej - kod aktywacyjny wysy\u0142amy poczt\u0105 email<\/span><\/span><span class=\"wpcf7-list-item last\"><input type=\"radio\" name=\"zamowienie-typ\" value=\"karta podarunkowa - wysy\u0142amy poczt\u0105\" \/><span class=\"wpcf7-list-item-label\">karta podarunkowa - wysy\u0142amy poczt\u0105<\/span><\/span><\/span><\/span><\/p>\n<h2>Dane wysy\u0142kowe:<\/h2>\n<p>ulica <span class=\"wpcf7-form-control-wrap your-ulica\"><input type=\"text\" name=\"your-ulica\" value=\"\" size=\"20\" class=\"wpcf7-form-control wpcf7-text wpcf7-validates-as-required\" aria-required=\"true\" aria-invalid=\"false\" \/><\/span> <span class=\"wpcf7-form-control-wrap your-dom\"><input type=\"text\" name=\"your-dom\" value=\"\" size=\"4\" class=\"wpcf7-form-control wpcf7-text wpcf7-validates-as-required\" aria-required=\"true\" aria-invalid=\"false\" \/><\/span> \/ <span class=\"wpcf7-form-control-wrap your-mieszkanie\"><input type=\"text\" name=\"your-mieszkanie\" value=\"\" size=\"4\" class=\"wpcf7-form-control wpcf7-text\" aria-invalid=\"false\" \/><\/span><br><br \/>\nmiasto <span class=\"wpcf7-form-control-wrap your-miasto\"><input type=\"text\" name=\"your-miasto\" value=\"\" size=\"30\" class=\"wpcf7-form-control wpcf7-text wpcf7-validates-as-required\" aria-required=\"true\" aria-invalid=\"false\" \/><\/span> <br><br \/>\nkod-pocztowy <span class=\"wpcf7-form-control-wrap your-kodpocztowy\"><input type=\"text\" name=\"your-kodpocztowy\" value=\"\" size=\"7\" class=\"wpcf7-form-control wpcf7-text wpcf7-validates-as-required\" aria-required=\"true\" aria-invalid=\"false\" \/><\/span> <br><\/p>\n<h2>P\u0142atno\u015b\u0107:<\/h2>\n<p>Karte podarunkow\u0105 wysy\u0142amy do 3 dni od otrzymania przelewu na konto:<\/p>\n<p>BZWBK<br \/>\n22 1090 1870 0000 0001 2326 6348<\/p>\n<p>Tytu\u0142em: Kod Podarunkowy Fitnoteq<\/p>\n<p>Dodatkowa pro\u015bba przy zam\u00f3wieniu<br \/>\n    <span class=\"wpcf7-form-control-wrap your-message\"><textarea name=\"your-message\" cols=\"50\" rows=\"3\" class=\"wpcf7-form-control wpcf7-textarea\" aria-invalid=\"false\"><\/textarea><\/span> <\/p>\n<p><span class=\"wpcf7-form-control-wrap acceptance-183\"><span class=\"wpcf7-form-control wpcf7-acceptance\"><span class=\"wpcf7-list-item\"><input type=\"checkbox\" name=\"acceptance-183\" value=\"1\" aria-invalid=\"false\" \/><\/span><\/span><\/span> Wyra\u017cam zgod\u0119 na przetwarzanie moich danych osobowych podanych w powy\u017cszym formularzu w celach handlowych i marketingowych przez Fitnoteq sp. z o.o. oraz przez podmioty trzecie.<\/p>\n<p>[recaptcha]<br><\/p>\n<p><input type=\"submit\" value=\"Zamawiam kart\u0119 podarunkow\u0105\" class=\"wpcf7-form-control wpcf7-submit\" \/><\/p>\n<p>Zapoznaj si\u0119 z <a href=\"https:\/\/www.fitnoteq.com\/blog\/regulamin-kart-podarunkowych-fitnoteq\/#page\">regulaminem zam\u00f3wienia Kodu Podarunkowego<\/a><\/p>\n<div class=\"wpcf7-response-output\" aria-hidden=\"true\"><\/div><\/form><\/div><br \/>\n<script>\/\/ <![CDATA[\nlocation.hash = \"#page\";\n\/\/ ]]><\/script><\/p>\n","protected":false},"excerpt":{"rendered":"<p>Zr\u00f3b aktywny prezent swoim przyjacio\u0142om lub rodzinie wykup kart\u0119 podarunkow\u0105 Fitnoteq na 3, 6 lub 12 miesiecy. Zadbaj o ich zdrowie i zach\u0119ci do aktywnego trybu \u017cycia. Regulamin kart podarunkowych mo\u017cna przeczyta\u0107 tutaj<\/p>\n","protected":false},"author":1,"featured_media":202,"parent":0,"menu_order":0,"comment_status":"closed","ping_status":"closed","template":"","meta":[],"yoast_head":"<!-- This site is optimized with the Yoast SEO Premium plugin v15.7 - https:\/\/yoast.com\/wordpress\/plugins\/seo\/ -->\n<meta name=\"robots\" content=\"index, follow, max-snippet:-1, max-image-preview:large, max-video-preview:-1\" \/>\n<link rel=\"canonical\" href=\"https:\/\/www.fitnoteq.com\/blog\/zamow-karte-podarunkowa\/\" \/>\n<meta property=\"og:locale\" content=\"pl_PL\" \/>\n<meta property=\"og:type\" content=\"article\" \/>\n<meta property=\"og:title\" content=\"Zam\u00f3w kart\u0119 podarunkow\u0105 - Przepisy na zdrowie\" \/>\n<meta property=\"og:description\" content=\"Zr\u00f3b aktywny prezent swoim przyjacio\u0142om lub rodzinie wykup kart\u0119 podarunkow\u0105 Fitnoteq na 3, 6 lub 12 miesiecy. Zadbaj o ich zdrowie i zach\u0119ci do aktywnego trybu \u017cycia. Regulamin kart podarunkowych mo\u017cna przeczyta\u0107 tutaj\" \/>\n<meta property=\"og:url\" content=\"https:\/\/www.fitnoteq.com\/blog\/zamow-karte-podarunkowa\/\" \/>\n<meta property=\"og:site_name\" content=\"Przepisy na zdrowie\" \/>\n<meta property=\"article:publisher\" content=\"http:\/\/facebook.com\/fitnoteq\" \/>\n<meta property=\"article:modified_time\" content=\"2016-09-15T17:38:19+00:00\" \/>\n<meta property=\"og:image\" content=\"https:\/\/www.fitnoteq.com\/blog\/wp-content\/uploads\/2015\/12\/collage3_notext.jpg\" \/>\n\t<meta property=\"og:image:width\" content=\"1299\" \/>\n\t<meta property=\"og:image:height\" content=\"1299\" \/>\n<meta name=\"twitter:card\" content=\"summary\" \/>\n<meta name=\"twitter:site\" content=\"@fitnoteq\" \/>\n<script type=\"application\/ld+json\" class=\"yoast-schema-graph\">{\"@context\":\"https:\/\/schema.org\",\"@graph\":[{\"@type\":\"Organization\",\"@id\":\"https:\/\/www.fitnoteq.com\/blog\/#organization\",\"name\":\"Fitnoteq\",\"url\":\"https:\/\/www.fitnoteq.com\/blog\/\",\"sameAs\":[\"http:\/\/facebook.com\/fitnoteq\",\"https:\/\/www.instagram.com\/fitnoteq\",\"https:\/\/twitter.com\/fitnoteq\"],\"logo\":{\"@type\":\"ImageObject\",\"@id\":\"https:\/\/www.fitnoteq.com\/blog\/#logo\",\"inLanguage\":\"pl-PL\",\"url\":\"https:\/\/www.fitnoteq.com\/blog\/wp-content\/uploads\/2015\/07\/cropped-fitnoteq_logo_1000.png\",\"width\":512,\"height\":512,\"caption\":\"Fitnoteq\"},\"image\":{\"@id\":\"https:\/\/www.fitnoteq.com\/blog\/#logo\"}},{\"@type\":\"WebSite\",\"@id\":\"https:\/\/www.fitnoteq.com\/blog\/#website\",\"url\":\"https:\/\/www.fitnoteq.com\/blog\/\",\"name\":\"Przepisy na zdrowie\",\"description\":\"Blog fitness w domu z Fitnoteq\",\"publisher\":{\"@id\":\"https:\/\/www.fitnoteq.com\/blog\/#organization\"},\"potentialAction\":[{\"@type\":\"SearchAction\",\"target\":\"https:\/\/www.fitnoteq.com\/blog\/?s={search_term_string}\",\"query-input\":\"required name=search_term_string\"}],\"inLanguage\":\"pl-PL\"},{\"@type\":\"ImageObject\",\"@id\":\"https:\/\/www.fitnoteq.com\/blog\/zamow-karte-podarunkowa\/#primaryimage\",\"inLanguage\":\"pl-PL\",\"url\":\"https:\/\/www.fitnoteq.com\/blog\/wp-content\/uploads\/2015\/12\/collage3_notext.jpg\",\"width\":1299,\"height\":1299},{\"@type\":\"WebPage\",\"@id\":\"https:\/\/www.fitnoteq.com\/blog\/zamow-karte-podarunkowa\/#webpage\",\"url\":\"https:\/\/www.fitnoteq.com\/blog\/zamow-karte-podarunkowa\/\",\"name\":\"Zam\\u00f3w kart\\u0119 podarunkow\\u0105 - Przepisy na zdrowie\",\"isPartOf\":{\"@id\":\"https:\/\/www.fitnoteq.com\/blog\/#website\"},\"primaryImageOfPage\":{\"@id\":\"https:\/\/www.fitnoteq.com\/blog\/zamow-karte-podarunkowa\/#primaryimage\"},\"datePublished\":\"2015-12-17T07:59:13+00:00\",\"dateModified\":\"2016-09-15T17:38:19+00:00\",\"inLanguage\":\"pl-PL\",\"potentialAction\":[{\"@type\":\"ReadAction\",\"target\":[\"https:\/\/www.fitnoteq.com\/blog\/zamow-karte-podarunkowa\/\"]}]}]}<\/script>\n<!-- \/ Yoast SEO Premium plugin. -->","_links":{"self":[{"href":"https:\/\/www.fitnoteq.com\/blog\/wp-json\/wp\/v2\/pages\/156"}],"collection":[{"href":"https:\/\/www.fitnoteq.com\/blog\/wp-json\/wp\/v2\/pages"}],"about":[{"href":"https:\/\/www.fitnoteq.com\/blog\/wp-json\/wp\/v2\/types\/page"}],"author":[{"embeddable":true,"href":"https:\/\/www.fitnoteq.com\/blog\/wp-json\/wp\/v2\/users\/1"}],"replies":[{"embeddable":true,"href":"https:\/\/www.fitnoteq.com\/blog\/wp-json\/wp\/v2\/comments?post=156"}],"version-history":[{"count":8,"href":"https:\/\/www.fitnoteq.com\/blog\/wp-json\/wp\/v2\/pages\/156\/revisions"}],"predecessor-version":[{"id":921,"href":"https:\/\/www.fitnoteq.com\/blog\/wp-json\/wp\/v2\/pages\/156\/revisions\/921"}],"wp:featuredmedia":[{"embeddable":true,"href":"https:\/\/www.fitnoteq.com\/blog\/wp-json\/wp\/v2\/media\/202"}],"wp:attachment":[{"href":"https:\/\/www.fitnoteq.com\/blog\/wp-json\/wp\/v2\/media?parent=156"}],"curies":[{"name":"wp","href":"https:\/\/api.w.org\/{rel}","templated":true}]}}